{"id":179,"date":"2017-04-16T20:12:34","date_gmt":"2017-04-16T18:12:34","guid":{"rendered":"http:\/\/inwestkam.pl\/new\/?page_id=179"},"modified":"2017-04-16T20:12:34","modified_gmt":"2017-04-16T18:12:34","slug":"projekt-zawsze-na-czas","status":"publish","type":"page","link":"https:\/\/inwestkam.pl\/index.php\/projekt-zawsze-na-czas\/","title":{"rendered":"Projekt zawsze na czas"},"content":{"rendered":"<p>Tu zamieszczamy jaki\u015b opis.&nbsp;Tu zamieszczamy jaki\u015b opis.&nbsp;Tu zamieszczamy jaki\u015b opis.&nbsp;Tu zamieszczamy jaki\u015b opis.&nbsp;Tu zamieszczamy jaki\u015b opis.&nbsp;Tu zamieszczamy jaki\u015b opis.&nbsp;Tu zamieszczamy jaki\u015b opis.&nbsp;Tu zamieszczamy jaki\u015b opis.&nbsp;Tu zamieszczamy jaki\u015b opis.&nbsp;Tu zamieszczamy jaki\u015b opis.&nbsp;Tu zamieszczamy jaki\u015b opis.&nbsp;Tu zamieszczamy jaki\u015b opis.&nbsp;Tu zamieszczamy jaki\u015b opis.&nbsp;Tu zamieszczamy jaki\u015b opis.&nbsp;Tu zamieszczamy jaki\u015b opis.&nbsp;Tu zamieszczamy jaki\u015b opis.&nbsp;Tu zamieszczamy jaki\u015b opis.&nbsp;Tu zamieszczamy jaki\u015b opis.&nbsp;Tu zamieszczamy jaki\u015b opis.&nbsp;Tu zamieszczamy jaki\u015b opis.&nbsp;Tu zamieszczamy jaki\u015b opis.&nbsp;Tu zamieszczamy jaki\u015b opis.&nbsp;Tu zamieszczamy jaki\u015b opis.&nbsp;Tu zamieszczamy jaki\u015b opis.&nbsp;Tu zamieszczamy jaki\u015b opis.&nbsp;Tu zamieszczamy jaki\u015b opis.&nbsp;Tu zamieszczamy jaki\u015b opis.&nbsp;Tu zamieszczamy jaki\u015b opis.&nbsp;Tu zamieszczamy jaki\u015b opis.&nbsp;Tu zamieszczamy jaki\u015b opis.&nbsp;Tu zamieszczamy jaki\u015b opis.&nbsp;Tu zamieszczamy jaki\u015b opis.&nbsp;Tu zamieszczamy jaki\u015b opis.&nbsp;Tu zamieszczamy jaki\u015b opis.&nbsp;Tu zamieszczamy jaki\u015b opis.&nbsp;Tu zamieszczamy jaki\u015b opis.&nbsp;<\/p>\n","protected":false},"excerpt":{"rendered":"<p>Tu zamieszczamy jaki\u015b opis.&nbsp;Tu zamieszczamy jaki\u015b opis.&nbsp;Tu zamieszczamy jaki\u015b opis.&nbsp;Tu zamieszczamy jaki\u015b opis.&nbsp;Tu zamieszczamy jaki\u015b opis.&nbsp;Tu zamieszczamy jaki\u015b opis.&nbsp;Tu zamieszczamy jaki\u015b opis.&nbsp;Tu zamieszczamy jaki\u015b opis.&nbsp;Tu zamieszczamy jaki\u015b opis.&nbsp;Tu zamieszczamy jaki\u015b opis.&nbsp;Tu zamieszczamy jaki\u015b opis.&nbsp;Tu zamieszczamy jaki\u015b opis.&nbsp;Tu zamieszczamy jaki\u015b opis.&nbsp;Tu zamieszczamy jaki\u015b opis.&nbsp;Tu zamieszczamy jaki\u015b opis.&nbsp;Tu zamieszczamy jaki\u015b opis.&nbsp;Tu zamieszczamy jaki\u015b opis.&nbsp;Tu zamieszczamy jaki\u015b opis.&nbsp;Tu [&hellip;]<\/p>\n","protected":false},"author":1,"featured_media":0,"parent":0,"menu_order":0,"comment_status":"closed","ping_status":"closed","template":"","meta":{"ngg_post_thumbnail":0,"footnotes":""},"class_list":["post-179","page","type-page","status-publish","hentry"],"_links":{"self":[{"href":"https:\/\/inwestkam.pl\/index.php\/wp-json\/wp\/v2\/pages\/179","targetHints":{"allow":["GET"]}}],"collection":[{"href":"https:\/\/inwestkam.pl\/index.php\/wp-json\/wp\/v2\/pages"}],"about":[{"href":"https:\/\/inwestkam.pl\/index.php\/wp-json\/wp\/v2\/types\/page"}],"author":[{"embeddable":true,"href":"https:\/\/inwestkam.pl\/index.php\/wp-json\/wp\/v2\/users\/1"}],"replies":[{"embeddable":true,"href":"https:\/\/inwestkam.pl\/index.php\/wp-json\/wp\/v2\/comments?post=179"}],"version-history":[{"count":1,"href":"https:\/\/inwestkam.pl\/index.php\/wp-json\/wp\/v2\/pages\/179\/revisions"}],"predecessor-version":[{"id":180,"href":"https:\/\/inwestkam.pl\/index.php\/wp-json\/wp\/v2\/pages\/179\/revisions\/180"}],"wp:attachment":[{"href":"https:\/\/inwestkam.pl\/index.php\/wp-json\/wp\/v2\/media?parent=179"}],"curies":[{"name":"wp","href":"https:\/\/api.w.org\/{rel}","templated":true}]}}