{"id":173,"date":"2017-04-16T20:08:36","date_gmt":"2017-04-16T18:08:36","guid":{"rendered":"http:\/\/inwestkam.pl\/new\/?page_id=173"},"modified":"2017-04-16T20:10:12","modified_gmt":"2017-04-16T18:10:12","slug":"zespol-doradcow","status":"publish","type":"page","link":"https:\/\/inwestkam.pl\/index.php\/zespol-doradcow\/","title":{"rendered":"Do\u015bwiadczony zesp\u00f3\u0142 to profesjonalne porady"},"content":{"rendered":"<p>Tu zamieszczamy jaki\u015b opis.&nbsp;Tu zamieszczamy jaki\u015b opis.&nbsp;Tu zamieszczamy jaki\u015b opis.&nbsp;Tu zamieszczamy jaki\u015b opis.&nbsp;Tu zamieszczamy jaki\u015b opis.&nbsp;Tu zamieszczamy jaki\u015b opis.&nbsp;Tu zamieszczamy jaki\u015b opis.&nbsp;Tu zamieszczamy jaki\u015b opis.&nbsp;Tu zamieszczamy jaki\u015b opis.&nbsp;Tu zamieszczamy jaki\u015b opis.&nbsp;Tu zamieszczamy jaki\u015b opis.&nbsp;Tu zamieszczamy jaki\u015b opis.&nbsp;Tu zamieszczamy jaki\u015b opis.&nbsp;Tu zamieszczamy jaki\u015b opis.&nbsp;Tu zamieszczamy jaki\u015b opis.&nbsp;Tu zamieszczamy jaki\u015b opis.&nbsp;Tu zamieszczamy jaki\u015b opis.&nbsp;Tu zamieszczamy jaki\u015b opis.&nbsp;Tu zamieszczamy jaki\u015b opis.&nbsp;Tu zamieszczamy jaki\u015b opis.&nbsp;Tu zamieszczamy jaki\u015b opis.&nbsp;Tu zamieszczamy jaki\u015b opis.&nbsp;Tu zamieszczamy jaki\u015b opis.&nbsp;Tu zamieszczamy jaki\u015b opis.&nbsp;Tu zamieszczamy jaki\u015b opis.&nbsp;Tu zamieszczamy jaki\u015b opis.&nbsp;Tu zamieszczamy jaki\u015b opis.&nbsp;Tu zamieszczamy jaki\u015b opis.&nbsp;<\/p>\n","protected":false},"excerpt":{"rendered":"<p>Tu zamieszczamy jaki\u015b opis.&nbsp;Tu zamieszczamy jaki\u015b opis.&nbsp;Tu zamieszczamy jaki\u015b opis.&nbsp;Tu zamieszczamy jaki\u015b opis.&nbsp;Tu zamieszczamy jaki\u015b opis.&nbsp;Tu zamieszczamy jaki\u015b opis.&nbsp;Tu zamieszczamy jaki\u015b opis.&nbsp;Tu zamieszczamy jaki\u015b opis.&nbsp;Tu zamieszczamy jaki\u015b opis.&nbsp;Tu zamieszczamy jaki\u015b opis.&nbsp;Tu zamieszczamy jaki\u015b opis.&nbsp;Tu zamieszczamy jaki\u015b opis.&nbsp;Tu zamieszczamy jaki\u015b opis.&nbsp;Tu zamieszczamy jaki\u015b opis.&nbsp;Tu zamieszczamy jaki\u015b opis.&nbsp;Tu zamieszczamy jaki\u015b opis.&nbsp;Tu zamieszczamy jaki\u015b opis.&nbsp;Tu zamieszczamy jaki\u015b opis.&nbsp;Tu [&hellip;]<\/p>\n","protected":false},"author":1,"featured_media":105,"parent":0,"menu_order":0,"comment_status":"closed","ping_status":"closed","template":"","meta":{"ngg_post_thumbnail":0,"footnotes":""},"class_list":["post-173","page","type-page","status-publish","has-post-thumbnail","hentry"],"_links":{"self":[{"href":"https:\/\/inwestkam.pl\/index.php\/wp-json\/wp\/v2\/pages\/173","targetHints":{"allow":["GET"]}}],"collection":[{"href":"https:\/\/inwestkam.pl\/index.php\/wp-json\/wp\/v2\/pages"}],"about":[{"href":"https:\/\/inwestkam.pl\/index.php\/wp-json\/wp\/v2\/types\/page"}],"author":[{"embeddable":true,"href":"https:\/\/inwestkam.pl\/index.php\/wp-json\/wp\/v2\/users\/1"}],"replies":[{"embeddable":true,"href":"https:\/\/inwestkam.pl\/index.php\/wp-json\/wp\/v2\/comments?post=173"}],"version-history":[{"count":2,"href":"https:\/\/inwestkam.pl\/index.php\/wp-json\/wp\/v2\/pages\/173\/revisions"}],"predecessor-version":[{"id":176,"href":"https:\/\/inwestkam.pl\/index.php\/wp-json\/wp\/v2\/pages\/173\/revisions\/176"}],"wp:featuredmedia":[{"embeddable":true,"href":"https:\/\/inwestkam.pl\/index.php\/wp-json\/wp\/v2\/media\/105"}],"wp:attachment":[{"href":"https:\/\/inwestkam.pl\/index.php\/wp-json\/wp\/v2\/media?parent=173"}],"curies":[{"name":"wp","href":"https:\/\/api.w.org\/{rel}","templated":true}]}}